{"id":1327,"date":"2019-01-16T11:18:55","date_gmt":"2019-01-16T10:18:55","guid":{"rendered":"https:\/\/staging.olivierguillard.dev\/gruszow-baumblatt\/awards\/"},"modified":"2025-06-25T19:04:15","modified_gmt":"2025-06-25T17:04:15","slug":"awards","status":"publish","type":"page","link":"https:\/\/www.gruszow-baumblatt.com\/de\/awards\/","title":{"rendered":"Auszeichnungen"},"content":{"rendered":"<span style=\"display: inline-block; width: 0px; overflow: hidden; line-height: 0;\" data-mce-type=\"bookmark\" class=\"mce_SELRES_start\">\ufeff<\/span><div class=\"one-col\"><div class=\"container\"><p><div class=\"quote\"><p>Mira und Gideon nehmen regelm\u00e4\u00dfig an Ausstellungen im In- und Ausland teil. Die Qualit\u00e4t ihrer Arbeit wurde vielfach bei internationalen Wettbewerben ausgezeichnet.<\/p><\/div><\/p>\n<p><strong> The Violin Society of America International Competition<\/strong><\/p>\n<p><strong>2022<\/strong><\/p>\n<p>Violin, Certificate of Merit for Artisanship<\/p>\n<p>Viola, Certificate of Merit for Tone &#038; Certificate of Merit for Artisanship<\/p>\n<p>Cello, Certificate of Merit for Artisanship<\/p>\n<p>Quartet,  Gold Medal for Artisanship &#038; Certificate of Merit for Tone<\/p>\n<p><strong>2018<\/strong><\/p>\n<p>Violin, Double Gold Medal for Tone and Workmanship<\/p>\n<p>Cello, Silver Medal for Tone<\/p>\n<p>Quartet, Silver Medal for Tone<\/p>\n<p><strong>2016<\/strong><\/p>\n<p>Cello, Silver Medal for Tone<\/p>\n<p>Quartet, Certificate of Merit for Workmanship<\/p>\n<p><strong> Philharmonie de Paris International lutherie Competition for Cello 2022<\/strong><\/p>\n<p>First Prize <\/p>\n<p>\u201cCoup de Coeur\u201d by the cellist jury &#8211; Chu Yi-Bing, Astrig Siranossian and Tatjana Uhde <\/p>\n<p><strong>\u201cVioloncellEnSeine 2016\u201d International Violin Making Competition in Paris<\/p>\n<p><\/strong><\/p>\n<p>Jury Prize awarded unanimously by all members of the jury \u2013 Guy Coquoz, Simone Morassi, Isabelle Wilbaux, Eric Levionnois, Damian Martinez, Rapha\u00ebl Perraud, Marius Urba, Yvan Chiffoleau, Philippe Muller and Rapha\u00ebl Pidoux<\/p>\n<p>\u201cCoup de Coeur\u201d by Simeone Morassi &#038; Public Prize<\/p>\n<\/div><\/div>","protected":false},"excerpt":{"rendered":"<p>\ufeff<\/p>\n","protected":false},"author":2,"featured_media":1120,"parent":0,"menu_order":0,"comment_status":"closed","ping_status":"closed","template":"template-awards.php","meta":{"footnotes":""},"class_list":["post-1327","page","type-page","status-publish","has-post-thumbnail","hentry"],"yoast_head":"<!-- This site is optimized with the Yoast SEO plugin v27.4 - https:\/\/yoast.com\/product\/yoast-seo-wordpress\/ -->\n<title>Auszeichnungen - Mira Gruszow &amp; Gideon Baumblatt<\/title>\n<meta name=\"description\" content=\"Informieren Sie sich \u00fcber die Auszeichnungen und Ehrungen von Gruszow Baumblatt f\u00fcr herausragende Handwerkskunst.\" \/>\n<meta name=\"robots\" content=\"index, follow, max-snippet:-1, max-image-preview:large, max-video-preview:-1\" \/>\n<link rel=\"canonical\" href=\"https:\/\/www.gruszow-baumblatt.com\/de\/awards\/\" \/>\n<meta property=\"og:locale\" content=\"de_DE\" \/>\n<meta property=\"og:type\" content=\"article\" \/>\n<meta property=\"og:title\" content=\"Auszeichnungen - Mira Gruszow &amp; Gideon Baumblatt\" \/>\n<meta property=\"og:description\" content=\"Informieren Sie sich \u00fcber die Auszeichnungen und Ehrungen von Gruszow Baumblatt f\u00fcr herausragende Handwerkskunst.\" \/>\n<meta property=\"og:url\" content=\"https:\/\/www.gruszow-baumblatt.com\/de\/awards\/\" \/>\n<meta property=\"og:site_name\" content=\"Mira Gruszow &amp; Gideon Baumblatt\" \/>\n<meta property=\"article:modified_time\" content=\"2025-06-25T17:04:15+00:00\" \/>\n<meta property=\"og:image\" content=\"https:\/\/www.gruszow-baumblatt.com\/wp-content\/uploads\/2018\/11\/DSC05881-3-e1548106602591.jpg\" \/>\n\t<meta property=\"og:image:width\" content=\"2200\" \/>\n\t<meta property=\"og:image:height\" content=\"907\" \/>\n\t<meta property=\"og:image:type\" content=\"image\/jpeg\" \/>\n<meta name=\"twitter:card\" content=\"summary_large_image\" \/>\n<meta name=\"twitter:label1\" content=\"Est. reading time\" \/>\n\t<meta name=\"twitter:data1\" content=\"1 minute\" \/>\n<script type=\"application\/ld+json\" class=\"yoast-schema-graph\">{\"@context\":\"https:\\\/\\\/schema.org\",\"@graph\":[{\"@type\":\"WebPage\",\"@id\":\"https:\\\/\\\/www.gruszow-baumblatt.com\\\/de\\\/awards\\\/\",\"url\":\"https:\\\/\\\/www.gruszow-baumblatt.com\\\/de\\\/awards\\\/\",\"name\":\"Auszeichnungen - Mira Gruszow &amp; Gideon Baumblatt\",\"isPartOf\":{\"@id\":\"https:\\\/\\\/www.gruszow-baumblatt.com\\\/de\\\/#website\"},\"primaryImageOfPage\":{\"@id\":\"https:\\\/\\\/www.gruszow-baumblatt.com\\\/de\\\/awards\\\/#primaryimage\"},\"image\":{\"@id\":\"https:\\\/\\\/www.gruszow-baumblatt.com\\\/de\\\/awards\\\/#primaryimage\"},\"thumbnailUrl\":\"https:\\\/\\\/www.gruszow-baumblatt.com\\\/wp-content\\\/uploads\\\/2018\\\/11\\\/DSC05881-3-e1548106602591.jpg\",\"datePublished\":\"2019-01-16T10:18:55+00:00\",\"dateModified\":\"2025-06-25T17:04:15+00:00\",\"description\":\"Informieren Sie sich \u00fcber die Auszeichnungen und Ehrungen von Gruszow Baumblatt f\u00fcr herausragende Handwerkskunst.\",\"breadcrumb\":{\"@id\":\"https:\\\/\\\/www.gruszow-baumblatt.com\\\/de\\\/awards\\\/#breadcrumb\"},\"inLanguage\":\"de-DE\",\"potentialAction\":[{\"@type\":\"ReadAction\",\"target\":[\"https:\\\/\\\/www.gruszow-baumblatt.com\\\/de\\\/awards\\\/\"]}]},{\"@type\":\"ImageObject\",\"inLanguage\":\"de-DE\",\"@id\":\"https:\\\/\\\/www.gruszow-baumblatt.com\\\/de\\\/awards\\\/#primaryimage\",\"url\":\"https:\\\/\\\/www.gruszow-baumblatt.com\\\/wp-content\\\/uploads\\\/2018\\\/11\\\/DSC05881-3-e1548106602591.jpg\",\"contentUrl\":\"https:\\\/\\\/www.gruszow-baumblatt.com\\\/wp-content\\\/uploads\\\/2018\\\/11\\\/DSC05881-3-e1548106602591.jpg\",\"width\":2200,\"height\":907},{\"@type\":\"BreadcrumbList\",\"@id\":\"https:\\\/\\\/www.gruszow-baumblatt.com\\\/de\\\/awards\\\/#breadcrumb\",\"itemListElement\":[{\"@type\":\"ListItem\",\"position\":1,\"name\":\"Home\",\"item\":\"https:\\\/\\\/www.gruszow-baumblatt.com\\\/de\\\/\"},{\"@type\":\"ListItem\",\"position\":2,\"name\":\"Auszeichnungen\"}]},{\"@type\":\"WebSite\",\"@id\":\"https:\\\/\\\/www.gruszow-baumblatt.com\\\/de\\\/#website\",\"url\":\"https:\\\/\\\/www.gruszow-baumblatt.com\\\/de\\\/\",\"name\":\"Mira Gruszow &amp; Gideon Baumblatt\",\"description\":\"\",\"potentialAction\":[{\"@type\":\"SearchAction\",\"target\":{\"@type\":\"EntryPoint\",\"urlTemplate\":\"https:\\\/\\\/www.gruszow-baumblatt.com\\\/de\\\/?s={search_term_string}\"},\"query-input\":{\"@type\":\"PropertyValueSpecification\",\"valueRequired\":true,\"valueName\":\"search_term_string\"}}],\"inLanguage\":\"de-DE\"}]}<\/script>\n<!-- \/ Yoast SEO plugin. -->","yoast_head_json":{"title":"Auszeichnungen - Mira Gruszow &amp; Gideon Baumblatt","description":"Informieren Sie sich \u00fcber die Auszeichnungen und Ehrungen von Gruszow Baumblatt f\u00fcr herausragende Handwerkskunst.","robots":{"index":"index","follow":"follow","max-snippet":"max-snippet:-1","max-image-preview":"max-image-preview:large","max-video-preview":"max-video-preview:-1"},"canonical":"https:\/\/www.gruszow-baumblatt.com\/de\/awards\/","og_locale":"de_DE","og_type":"article","og_title":"Auszeichnungen - Mira Gruszow &amp; Gideon Baumblatt","og_description":"Informieren Sie sich \u00fcber die Auszeichnungen und Ehrungen von Gruszow Baumblatt f\u00fcr herausragende Handwerkskunst.","og_url":"https:\/\/www.gruszow-baumblatt.com\/de\/awards\/","og_site_name":"Mira Gruszow &amp; Gideon Baumblatt","article_modified_time":"2025-06-25T17:04:15+00:00","og_image":[{"width":2200,"height":907,"url":"https:\/\/www.gruszow-baumblatt.com\/wp-content\/uploads\/2018\/11\/DSC05881-3-e1548106602591.jpg","type":"image\/jpeg"}],"twitter_card":"summary_large_image","twitter_misc":{"Est. reading time":"1 minute"},"schema":{"@context":"https:\/\/schema.org","@graph":[{"@type":"WebPage","@id":"https:\/\/www.gruszow-baumblatt.com\/de\/awards\/","url":"https:\/\/www.gruszow-baumblatt.com\/de\/awards\/","name":"Auszeichnungen - Mira Gruszow &amp; Gideon Baumblatt","isPartOf":{"@id":"https:\/\/www.gruszow-baumblatt.com\/de\/#website"},"primaryImageOfPage":{"@id":"https:\/\/www.gruszow-baumblatt.com\/de\/awards\/#primaryimage"},"image":{"@id":"https:\/\/www.gruszow-baumblatt.com\/de\/awards\/#primaryimage"},"thumbnailUrl":"https:\/\/www.gruszow-baumblatt.com\/wp-content\/uploads\/2018\/11\/DSC05881-3-e1548106602591.jpg","datePublished":"2019-01-16T10:18:55+00:00","dateModified":"2025-06-25T17:04:15+00:00","description":"Informieren Sie sich \u00fcber die Auszeichnungen und Ehrungen von Gruszow Baumblatt f\u00fcr herausragende Handwerkskunst.","breadcrumb":{"@id":"https:\/\/www.gruszow-baumblatt.com\/de\/awards\/#breadcrumb"},"inLanguage":"de-DE","potentialAction":[{"@type":"ReadAction","target":["https:\/\/www.gruszow-baumblatt.com\/de\/awards\/"]}]},{"@type":"ImageObject","inLanguage":"de-DE","@id":"https:\/\/www.gruszow-baumblatt.com\/de\/awards\/#primaryimage","url":"https:\/\/www.gruszow-baumblatt.com\/wp-content\/uploads\/2018\/11\/DSC05881-3-e1548106602591.jpg","contentUrl":"https:\/\/www.gruszow-baumblatt.com\/wp-content\/uploads\/2018\/11\/DSC05881-3-e1548106602591.jpg","width":2200,"height":907},{"@type":"BreadcrumbList","@id":"https:\/\/www.gruszow-baumblatt.com\/de\/awards\/#breadcrumb","itemListElement":[{"@type":"ListItem","position":1,"name":"Home","item":"https:\/\/www.gruszow-baumblatt.com\/de\/"},{"@type":"ListItem","position":2,"name":"Auszeichnungen"}]},{"@type":"WebSite","@id":"https:\/\/www.gruszow-baumblatt.com\/de\/#website","url":"https:\/\/www.gruszow-baumblatt.com\/de\/","name":"Mira Gruszow &amp; Gideon Baumblatt","description":"","potentialAction":[{"@type":"SearchAction","target":{"@type":"EntryPoint","urlTemplate":"https:\/\/www.gruszow-baumblatt.com\/de\/?s={search_term_string}"},"query-input":{"@type":"PropertyValueSpecification","valueRequired":true,"valueName":"search_term_string"}}],"inLanguage":"de-DE"}]}},"_links":{"self":[{"href":"https:\/\/www.gruszow-baumblatt.com\/de\/wp-json\/wp\/v2\/pages\/1327","targetHints":{"allow":["GET"]}}],"collection":[{"href":"https:\/\/www.gruszow-baumblatt.com\/de\/wp-json\/wp\/v2\/pages"}],"about":[{"href":"https:\/\/www.gruszow-baumblatt.com\/de\/wp-json\/wp\/v2\/types\/page"}],"author":[{"embeddable":true,"href":"https:\/\/www.gruszow-baumblatt.com\/de\/wp-json\/wp\/v2\/users\/2"}],"replies":[{"embeddable":true,"href":"https:\/\/www.gruszow-baumblatt.com\/de\/wp-json\/wp\/v2\/comments?post=1327"}],"version-history":[{"count":4,"href":"https:\/\/www.gruszow-baumblatt.com\/de\/wp-json\/wp\/v2\/pages\/1327\/revisions"}],"predecessor-version":[{"id":1594,"href":"https:\/\/www.gruszow-baumblatt.com\/de\/wp-json\/wp\/v2\/pages\/1327\/revisions\/1594"}],"wp:featuredmedia":[{"embeddable":true,"href":"https:\/\/www.gruszow-baumblatt.com\/de\/wp-json\/wp\/v2\/media\/1120"}],"wp:attachment":[{"href":"https:\/\/www.gruszow-baumblatt.com\/de\/wp-json\/wp\/v2\/media?parent=1327"}],"curies":[{"name":"wp","href":"https:\/\/api.w.org\/{rel}","templated":true}]}}