{"id":1337,"date":"2014-11-24T17:30:34","date_gmt":"2014-11-24T16:30:34","guid":{"rendered":"https:\/\/staging.olivierguillard.dev\/gruszow-baumblatt\/instruments\/"},"modified":"2025-06-25T19:10:53","modified_gmt":"2025-06-25T17:10:53","slug":"instrumente","status":"publish","type":"page","link":"https:\/\/www.gruszow-baumblatt.com\/de\/instrumente\/","title":{"rendered":"Instrumente"},"content":{"rendered":"F\u00fcr unsere Arbeit lassen wir uns von Instrumenten inspirieren, die uns durch ihre besondere Klangqualit\u00e4t und \u00e4sthetische Sch\u00f6nheit beeindruckt haben. Au\u00dferdem fertigen wir auf Anfrage Kopien alter Instrumente an.","protected":false},"excerpt":{"rendered":"<p>F\u00fcr unsere Arbeit lassen wir uns von Instrumenten inspirieren, die uns durch ihre besondere Klangqualit\u00e4t und \u00e4sthetische Sch\u00f6nheit beeindruckt haben. Au\u00dferdem fertigen wir auf Anfrage Kopien alter Instrumente an.<\/p>\n","protected":false},"author":1,"featured_media":882,"parent":0,"menu_order":0,"comment_status":"open","ping_status":"open","template":"template-instruments.php","meta":{"footnotes":""},"class_list":["post-1337","page","type-page","status-publish","has-post-thumbnail","hentry"],"yoast_head":"<!-- This site is optimized with the Yoast SEO plugin v27.4 - https:\/\/yoast.com\/product\/yoast-seo-wordpress\/ -->\n<title>Instrumente - Mira Gruszow &amp; Gideon Baumblatt<\/title>\n<meta name=\"description\" content=\"Entdecken Sie die Auswahl handgefertigter Streichinstrumente von Gruszow Baumblatt: Geigen, Bratschen, Celli.\" \/>\n<meta name=\"robots\" content=\"index, follow, max-snippet:-1, max-image-preview:large, max-video-preview:-1\" \/>\n<link rel=\"canonical\" href=\"https:\/\/www.gruszow-baumblatt.com\/de\/instrumente\/\" \/>\n<meta property=\"og:locale\" content=\"de_DE\" \/>\n<meta property=\"og:type\" content=\"article\" \/>\n<meta property=\"og:title\" content=\"Instrumente - Mira Gruszow &amp; Gideon Baumblatt\" \/>\n<meta property=\"og:description\" content=\"Entdecken Sie die Auswahl handgefertigter Streichinstrumente von Gruszow Baumblatt: Geigen, Bratschen, Celli.\" \/>\n<meta property=\"og:url\" content=\"https:\/\/www.gruszow-baumblatt.com\/de\/instrumente\/\" \/>\n<meta property=\"og:site_name\" content=\"Mira Gruszow &amp; Gideon Baumblatt\" \/>\n<meta property=\"article:modified_time\" content=\"2025-06-25T17:10:53+00:00\" \/>\n<meta property=\"og:image\" content=\"https:\/\/www.gruszow-baumblatt.com\/wp-content\/uploads\/2014\/11\/COLOR_MiraGideon_MdelPra-28-di-110-e1417212618748.jpg\" \/>\n\t<meta property=\"og:image:width\" content=\"2000\" \/>\n\t<meta property=\"og:image:height\" content=\"965\" \/>\n\t<meta property=\"og:image:type\" content=\"image\/jpeg\" \/>\n<meta name=\"twitter:card\" content=\"summary_large_image\" \/>\n<meta name=\"twitter:label1\" content=\"Est. reading time\" \/>\n\t<meta name=\"twitter:data1\" content=\"1 minute\" \/>\n<script type=\"application\/ld+json\" class=\"yoast-schema-graph\">{\"@context\":\"https:\\\/\\\/schema.org\",\"@graph\":[{\"@type\":\"WebPage\",\"@id\":\"https:\\\/\\\/www.gruszow-baumblatt.com\\\/de\\\/instrumente\\\/\",\"url\":\"https:\\\/\\\/www.gruszow-baumblatt.com\\\/de\\\/instrumente\\\/\",\"name\":\"Instrumente - Mira Gruszow &amp; Gideon Baumblatt\",\"isPartOf\":{\"@id\":\"https:\\\/\\\/www.gruszow-baumblatt.com\\\/de\\\/#website\"},\"primaryImageOfPage\":{\"@id\":\"https:\\\/\\\/www.gruszow-baumblatt.com\\\/de\\\/instrumente\\\/#primaryimage\"},\"image\":{\"@id\":\"https:\\\/\\\/www.gruszow-baumblatt.com\\\/de\\\/instrumente\\\/#primaryimage\"},\"thumbnailUrl\":\"https:\\\/\\\/www.gruszow-baumblatt.com\\\/wp-content\\\/uploads\\\/2014\\\/11\\\/COLOR_MiraGideon_MdelPra-28-di-110-e1417212618748.jpg\",\"datePublished\":\"2014-11-24T16:30:34+00:00\",\"dateModified\":\"2025-06-25T17:10:53+00:00\",\"description\":\"Entdecken Sie die Auswahl handgefertigter Streichinstrumente von Gruszow Baumblatt: Geigen, Bratschen, Celli.\",\"breadcrumb\":{\"@id\":\"https:\\\/\\\/www.gruszow-baumblatt.com\\\/de\\\/instrumente\\\/#breadcrumb\"},\"inLanguage\":\"de-DE\",\"potentialAction\":[{\"@type\":\"ReadAction\",\"target\":[\"https:\\\/\\\/www.gruszow-baumblatt.com\\\/de\\\/instrumente\\\/\"]}]},{\"@type\":\"ImageObject\",\"inLanguage\":\"de-DE\",\"@id\":\"https:\\\/\\\/www.gruszow-baumblatt.com\\\/de\\\/instrumente\\\/#primaryimage\",\"url\":\"https:\\\/\\\/www.gruszow-baumblatt.com\\\/wp-content\\\/uploads\\\/2014\\\/11\\\/COLOR_MiraGideon_MdelPra-28-di-110-e1417212618748.jpg\",\"contentUrl\":\"https:\\\/\\\/www.gruszow-baumblatt.com\\\/wp-content\\\/uploads\\\/2014\\\/11\\\/COLOR_MiraGideon_MdelPra-28-di-110-e1417212618748.jpg\",\"width\":2000,\"height\":965},{\"@type\":\"BreadcrumbList\",\"@id\":\"https:\\\/\\\/www.gruszow-baumblatt.com\\\/de\\\/instrumente\\\/#breadcrumb\",\"itemListElement\":[{\"@type\":\"ListItem\",\"position\":1,\"name\":\"Home\",\"item\":\"https:\\\/\\\/www.gruszow-baumblatt.com\\\/de\\\/\"},{\"@type\":\"ListItem\",\"position\":2,\"name\":\"Instrumente\"}]},{\"@type\":\"WebSite\",\"@id\":\"https:\\\/\\\/www.gruszow-baumblatt.com\\\/de\\\/#website\",\"url\":\"https:\\\/\\\/www.gruszow-baumblatt.com\\\/de\\\/\",\"name\":\"Mira Gruszow &amp; Gideon Baumblatt\",\"description\":\"\",\"potentialAction\":[{\"@type\":\"SearchAction\",\"target\":{\"@type\":\"EntryPoint\",\"urlTemplate\":\"https:\\\/\\\/www.gruszow-baumblatt.com\\\/de\\\/?s={search_term_string}\"},\"query-input\":{\"@type\":\"PropertyValueSpecification\",\"valueRequired\":true,\"valueName\":\"search_term_string\"}}],\"inLanguage\":\"de-DE\"}]}<\/script>\n<!-- \/ Yoast SEO plugin. -->","yoast_head_json":{"title":"Instrumente - Mira Gruszow &amp; Gideon Baumblatt","description":"Entdecken Sie die Auswahl handgefertigter Streichinstrumente von Gruszow Baumblatt: Geigen, Bratschen, Celli.","robots":{"index":"index","follow":"follow","max-snippet":"max-snippet:-1","max-image-preview":"max-image-preview:large","max-video-preview":"max-video-preview:-1"},"canonical":"https:\/\/www.gruszow-baumblatt.com\/de\/instrumente\/","og_locale":"de_DE","og_type":"article","og_title":"Instrumente - Mira Gruszow &amp; Gideon Baumblatt","og_description":"Entdecken Sie die Auswahl handgefertigter Streichinstrumente von Gruszow Baumblatt: Geigen, Bratschen, Celli.","og_url":"https:\/\/www.gruszow-baumblatt.com\/de\/instrumente\/","og_site_name":"Mira Gruszow &amp; Gideon Baumblatt","article_modified_time":"2025-06-25T17:10:53+00:00","og_image":[{"width":2000,"height":965,"url":"https:\/\/www.gruszow-baumblatt.com\/wp-content\/uploads\/2014\/11\/COLOR_MiraGideon_MdelPra-28-di-110-e1417212618748.jpg","type":"image\/jpeg"}],"twitter_card":"summary_large_image","twitter_misc":{"Est. reading time":"1 minute"},"schema":{"@context":"https:\/\/schema.org","@graph":[{"@type":"WebPage","@id":"https:\/\/www.gruszow-baumblatt.com\/de\/instrumente\/","url":"https:\/\/www.gruszow-baumblatt.com\/de\/instrumente\/","name":"Instrumente - Mira Gruszow &amp; Gideon Baumblatt","isPartOf":{"@id":"https:\/\/www.gruszow-baumblatt.com\/de\/#website"},"primaryImageOfPage":{"@id":"https:\/\/www.gruszow-baumblatt.com\/de\/instrumente\/#primaryimage"},"image":{"@id":"https:\/\/www.gruszow-baumblatt.com\/de\/instrumente\/#primaryimage"},"thumbnailUrl":"https:\/\/www.gruszow-baumblatt.com\/wp-content\/uploads\/2014\/11\/COLOR_MiraGideon_MdelPra-28-di-110-e1417212618748.jpg","datePublished":"2014-11-24T16:30:34+00:00","dateModified":"2025-06-25T17:10:53+00:00","description":"Entdecken Sie die Auswahl handgefertigter Streichinstrumente von Gruszow Baumblatt: Geigen, Bratschen, Celli.","breadcrumb":{"@id":"https:\/\/www.gruszow-baumblatt.com\/de\/instrumente\/#breadcrumb"},"inLanguage":"de-DE","potentialAction":[{"@type":"ReadAction","target":["https:\/\/www.gruszow-baumblatt.com\/de\/instrumente\/"]}]},{"@type":"ImageObject","inLanguage":"de-DE","@id":"https:\/\/www.gruszow-baumblatt.com\/de\/instrumente\/#primaryimage","url":"https:\/\/www.gruszow-baumblatt.com\/wp-content\/uploads\/2014\/11\/COLOR_MiraGideon_MdelPra-28-di-110-e1417212618748.jpg","contentUrl":"https:\/\/www.gruszow-baumblatt.com\/wp-content\/uploads\/2014\/11\/COLOR_MiraGideon_MdelPra-28-di-110-e1417212618748.jpg","width":2000,"height":965},{"@type":"BreadcrumbList","@id":"https:\/\/www.gruszow-baumblatt.com\/de\/instrumente\/#breadcrumb","itemListElement":[{"@type":"ListItem","position":1,"name":"Home","item":"https:\/\/www.gruszow-baumblatt.com\/de\/"},{"@type":"ListItem","position":2,"name":"Instrumente"}]},{"@type":"WebSite","@id":"https:\/\/www.gruszow-baumblatt.com\/de\/#website","url":"https:\/\/www.gruszow-baumblatt.com\/de\/","name":"Mira Gruszow &amp; Gideon Baumblatt","description":"","potentialAction":[{"@type":"SearchAction","target":{"@type":"EntryPoint","urlTemplate":"https:\/\/www.gruszow-baumblatt.com\/de\/?s={search_term_string}"},"query-input":{"@type":"PropertyValueSpecification","valueRequired":true,"valueName":"search_term_string"}}],"inLanguage":"de-DE"}]}},"_links":{"self":[{"href":"https:\/\/www.gruszow-baumblatt.com\/de\/wp-json\/wp\/v2\/pages\/1337","targetHints":{"allow":["GET"]}}],"collection":[{"href":"https:\/\/www.gruszow-baumblatt.com\/de\/wp-json\/wp\/v2\/pages"}],"about":[{"href":"https:\/\/www.gruszow-baumblatt.com\/de\/wp-json\/wp\/v2\/types\/page"}],"author":[{"embeddable":true,"href":"https:\/\/www.gruszow-baumblatt.com\/de\/wp-json\/wp\/v2\/users\/1"}],"replies":[{"embeddable":true,"href":"https:\/\/www.gruszow-baumblatt.com\/de\/wp-json\/wp\/v2\/comments?post=1337"}],"version-history":[{"count":3,"href":"https:\/\/www.gruszow-baumblatt.com\/de\/wp-json\/wp\/v2\/pages\/1337\/revisions"}],"predecessor-version":[{"id":1610,"href":"https:\/\/www.gruszow-baumblatt.com\/de\/wp-json\/wp\/v2\/pages\/1337\/revisions\/1610"}],"wp:featuredmedia":[{"embeddable":true,"href":"https:\/\/www.gruszow-baumblatt.com\/de\/wp-json\/wp\/v2\/media\/882"}],"wp:attachment":[{"href":"https:\/\/www.gruszow-baumblatt.com\/de\/wp-json\/wp\/v2\/media?parent=1337"}],"curies":[{"name":"wp","href":"https:\/\/api.w.org\/{rel}","templated":true}]}}