{"id":1357,"date":"2014-11-24T17:30:57","date_gmt":"2014-11-24T16:30:57","guid":{"rendered":"https:\/\/staging.olivierguillard.dev\/gruszow-baumblatt\/workshop\/"},"modified":"2025-06-25T19:12:40","modified_gmt":"2025-06-25T17:12:40","slug":"werkstatt","status":"publish","type":"page","link":"https:\/\/www.gruszow-baumblatt.com\/de\/werkstatt\/","title":{"rendered":"Werkstatt"},"content":{"rendered":"<div class=\"one-col\"><div class=\"container\"><p><div class=\"quote\"><p>Mira und Gideon konzentrieren sich mit gro\u00dfer Liebe zum Detail auf den Neubau von Geigen, Bratschen und Celli h\u00f6chster Qualit\u00e4t.<\/p><\/div><\/p>\n<p>&#8220;Zun\u00e4chst bauten wir Instrumente nebeneinander und lernten voneinander. Bald schon zeigte sich, wie sehr unser beider F\u00e4higkeiten sich erg\u00e4nzten. Auf nat\u00fcrliche Weise begannen wir gemeinsam an ein und demselben Instrument zu arbeiten. So wird in unserer Werkstatt ein Instrument von zwei K\u00f6pfen erdacht und vier H\u00e4nden gefertigt. Beide haben wir dabei unsere ganz pers\u00f6nlichen St\u00e4rken, Mira hat ein au\u00dfergew\u00f6hnliches Auge f\u00fcr die Skulptur von W\u00f6lbungen und Schnecke, Gideon liebt das Spiel mit Farben und Effekten im Lackbild \u00ab\u00a0alter\u00a0\u00bb neuer Geigen. Mira spielt schon seit der Kindheit Cello und hat ein hervorragendes Verst\u00e4ndnis f\u00fcr dessen Klang und die Bed\u00fcrfnisse der Musiker. Gideon begann ebenfalls fr\u00fch mit dem Musizieren, allerdings auf der Geige, sp\u00e4ter dann auch auf der Bratsche. Ihm liegen daher Violine und Viola ganz besonders am Herzen.&#8221;<\/p>\n<hr \/>\n<p>Mira und Gideon leben mit ihren zwei Kindern in Berlin. Sie nehmen regelm\u00e4\u00dfig an Ausstellung im In- und Ausland teil. Die Qualit\u00e4t ihrer Arbeit wurde vielfach bei internationalen Wettbewerben ausgezeichnet.<\/p>\n<\/div><\/div><div class=\"half-left\"><h2>MIRA GRUSZOW<\/h2>\n<p>Mira w\u00e4chst in Belgien umgeben von Kunst und Musik auf. Sehr fr\u00fch schon f\u00fchlt sie sich stark zum Geigenbau hingezogen, eine Berufung bei der sie ihre Liebe zum Cello mit der handwerklichen Arbeit am Holz verbinden kann.<\/p>\n<hr \/>\n<p>2006 schlie\u00dft sie ihre Ausbildung an der Geigenbauschule A. Stradivari in Cremona ab. Ein Ort, der ihr als Wiegest\u00e4tte des modernen Geigenbaus erm\u00f6glicht, tief in die Materie einzutauchen und sich mit den noch immer stark verwurzelten Traditionen vor Ort vertraut zu machen.<\/p>\n<hr \/>\n<p>Anschlie\u00dfend arbeitet Mira 2007-2010 als Assistentin bei Isabelle Wilbaux in Montreal. Isabelle f\u00fchrt sie in ihre Art des Geigenbaus ein und lehrt sie die Bedeutung jedes einzelnen Handgriffs f\u00fcr das fertige Instrument. Sie ist f\u00fcr Mira bis heute eine Inspiration bei ihrer Arbeit. Mithilfe eines Stipendiums der Acad\u00e9mie Royale Belge des Beaux Arts f\u00fchrt Mira eine tiefgreifende Studie \u00fcber Instrumente der Amati-Dynastie durch, wobei sie sich besonders auf die Rekonstruktion von Umrissen konzentriert und hierbei mit Francois Denis zusammenarbeitet.<\/p>\n<hr \/>\n<p>Im Jahr 2010 macht sie sich in Quebec selbstst\u00e4ndig W\u00e4hrend dieser letzten Jahre nimmt sie an verschiedenen Ausstellungen und Treffen der nordamerikanischen Geigenbauer teil, unter anderem im Rahmen der VSA (Violin Society of America) und des Oberlin Workshops.<\/p>\n<hr \/>\n<\/div><div class=\"half-right\"><h2>GIDEON BAUMBLATT<\/h2>\n<p>Geboren und aufgewachsen in Berlin, ist Gideon fr\u00fch von Geigen fasziniert und erh\u00e4lt seinen ersten Geigenunterricht mit 5 Jahren. Die M\u00f6glichkeit seine Leidenschaften f\u00fcr Holzarbeit und Musik in einem Beruf vereinen zu k\u00f6nnen, f\u00fchrt ihn zun\u00e4chst nach Cremona und sp\u00e4ter nach Mittenwald, wo er seine Ausbildung abschlie\u00dft. Zwei der bekanntesten Geigenbauschulen und Traditionen w\u00e4hrend seiner Ausbildung zu erleben, empfindet er noch heute als gro\u00dfe Bereicherung.<\/p>\n<hr \/>\n<p>Seine Wanderjahre beginnt Gideon bei Peter K\u00f6rner in Mainz, wo er erste umfangreiche Restaurierungen alter Instrumente vornehmen darf und viel \u00fcber die Alten Meister lernt. Diese Erfahrungen kann er noch einmal wesentlich vertiefen w\u00e4hrend seiner Anstellung bei Florian Leonhard in London. <\/p>\n<hr \/>\n<p>2012 zieht es ihn zu neuen Ufern und er macht sich in Montreal selbstst\u00e4ndig. Seine Zeit teilt er zun\u00e4chst zwischen Restaurierung und Neubau auf. Durch den Erfolg eines Gemeinschaftsprojekts mit Kollegen der Geigenbauwerkstatt Wilder&#038;Davis best\u00e4tigt, als Gideon eine Kopie des  \u201eCountess of Stainlein, ex-Greenhouse\u201c Stradivari-Cello von 1707 f\u00fcr den Eigent\u00fcmer anfertigte, konzentriert er sich heute ausschlie\u00dflich auf den Neubau von Streichinstrumenten. In Nordamerika hat er die Gelegenheit sich bei Ausstellungen und dem Oberlin Workshop mit vielen namenhaften Kollegen auszutauschen und weiterzubilden.<\/p>\n<hr \/>\n<\/div>","protected":false},"excerpt":{"rendered":"","protected":false},"author":1,"featured_media":1082,"parent":0,"menu_order":0,"comment_status":"open","ping_status":"open","template":"template-atelier.php","meta":{"footnotes":""},"class_list":["post-1357","page","type-page","status-publish","has-post-thumbnail","hentry"],"yoast_head":"<!-- This site is optimized with the Yoast SEO plugin v27.4 - https:\/\/yoast.com\/product\/yoast-seo-wordpress\/ -->\n<title>Werkstatt - Mira Gruszow &amp; Gideon Baumblatt<\/title>\n<meta name=\"description\" content=\"Entdecken Sie die Werkstatt von Gruszow Baumblatt, in der handwerkliche Tradition auf modernes Instrumentenbau trifft.\" \/>\n<meta name=\"robots\" content=\"index, follow, max-snippet:-1, max-image-preview:large, max-video-preview:-1\" \/>\n<link rel=\"canonical\" href=\"https:\/\/www.gruszow-baumblatt.com\/de\/werkstatt\/\" \/>\n<meta property=\"og:locale\" content=\"de_DE\" \/>\n<meta property=\"og:type\" content=\"article\" \/>\n<meta property=\"og:title\" content=\"Werkstatt - Mira Gruszow &amp; Gideon Baumblatt\" \/>\n<meta property=\"og:description\" content=\"Entdecken Sie die Werkstatt von Gruszow Baumblatt, in der handwerkliche Tradition auf modernes Instrumentenbau trifft.\" \/>\n<meta property=\"og:url\" content=\"https:\/\/www.gruszow-baumblatt.com\/de\/werkstatt\/\" \/>\n<meta property=\"og:site_name\" content=\"Mira Gruszow &amp; Gideon Baumblatt\" \/>\n<meta property=\"article:modified_time\" content=\"2025-06-25T17:12:40+00:00\" \/>\n<meta property=\"og:image\" content=\"https:\/\/www.gruszow-baumblatt.com\/wp-content\/uploads\/2015\/01\/werkstatt.jpg\" \/>\n\t<meta property=\"og:image:width\" content=\"2200\" \/>\n\t<meta property=\"og:image:height\" content=\"1073\" \/>\n\t<meta property=\"og:image:type\" content=\"image\/jpeg\" \/>\n<meta name=\"twitter:card\" content=\"summary_large_image\" \/>\n<meta name=\"twitter:label1\" content=\"Est. reading time\" \/>\n\t<meta name=\"twitter:data1\" content=\"3 minutes\" \/>\n<script type=\"application\/ld+json\" class=\"yoast-schema-graph\">{\"@context\":\"https:\\\/\\\/schema.org\",\"@graph\":[{\"@type\":\"WebPage\",\"@id\":\"https:\\\/\\\/www.gruszow-baumblatt.com\\\/de\\\/werkstatt\\\/\",\"url\":\"https:\\\/\\\/www.gruszow-baumblatt.com\\\/de\\\/werkstatt\\\/\",\"name\":\"Werkstatt - Mira Gruszow &amp; Gideon Baumblatt\",\"isPartOf\":{\"@id\":\"https:\\\/\\\/www.gruszow-baumblatt.com\\\/de\\\/#website\"},\"primaryImageOfPage\":{\"@id\":\"https:\\\/\\\/www.gruszow-baumblatt.com\\\/de\\\/werkstatt\\\/#primaryimage\"},\"image\":{\"@id\":\"https:\\\/\\\/www.gruszow-baumblatt.com\\\/de\\\/werkstatt\\\/#primaryimage\"},\"thumbnailUrl\":\"https:\\\/\\\/www.gruszow-baumblatt.com\\\/wp-content\\\/uploads\\\/2015\\\/01\\\/werkstatt.jpg\",\"datePublished\":\"2014-11-24T16:30:57+00:00\",\"dateModified\":\"2025-06-25T17:12:40+00:00\",\"description\":\"Entdecken Sie die Werkstatt von Gruszow Baumblatt, in der handwerkliche Tradition auf modernes Instrumentenbau trifft.\",\"breadcrumb\":{\"@id\":\"https:\\\/\\\/www.gruszow-baumblatt.com\\\/de\\\/werkstatt\\\/#breadcrumb\"},\"inLanguage\":\"de-DE\",\"potentialAction\":[{\"@type\":\"ReadAction\",\"target\":[\"https:\\\/\\\/www.gruszow-baumblatt.com\\\/de\\\/werkstatt\\\/\"]}]},{\"@type\":\"ImageObject\",\"inLanguage\":\"de-DE\",\"@id\":\"https:\\\/\\\/www.gruszow-baumblatt.com\\\/de\\\/werkstatt\\\/#primaryimage\",\"url\":\"https:\\\/\\\/www.gruszow-baumblatt.com\\\/wp-content\\\/uploads\\\/2015\\\/01\\\/werkstatt.jpg\",\"contentUrl\":\"https:\\\/\\\/www.gruszow-baumblatt.com\\\/wp-content\\\/uploads\\\/2015\\\/01\\\/werkstatt.jpg\",\"width\":2200,\"height\":1073},{\"@type\":\"BreadcrumbList\",\"@id\":\"https:\\\/\\\/www.gruszow-baumblatt.com\\\/de\\\/werkstatt\\\/#breadcrumb\",\"itemListElement\":[{\"@type\":\"ListItem\",\"position\":1,\"name\":\"Home\",\"item\":\"https:\\\/\\\/www.gruszow-baumblatt.com\\\/de\\\/\"},{\"@type\":\"ListItem\",\"position\":2,\"name\":\"Werkstatt\"}]},{\"@type\":\"WebSite\",\"@id\":\"https:\\\/\\\/www.gruszow-baumblatt.com\\\/de\\\/#website\",\"url\":\"https:\\\/\\\/www.gruszow-baumblatt.com\\\/de\\\/\",\"name\":\"Mira Gruszow &amp; Gideon Baumblatt\",\"description\":\"\",\"potentialAction\":[{\"@type\":\"SearchAction\",\"target\":{\"@type\":\"EntryPoint\",\"urlTemplate\":\"https:\\\/\\\/www.gruszow-baumblatt.com\\\/de\\\/?s={search_term_string}\"},\"query-input\":{\"@type\":\"PropertyValueSpecification\",\"valueRequired\":true,\"valueName\":\"search_term_string\"}}],\"inLanguage\":\"de-DE\"}]}<\/script>\n<!-- \/ Yoast SEO plugin. -->","yoast_head_json":{"title":"Werkstatt - Mira Gruszow &amp; Gideon Baumblatt","description":"Entdecken Sie die Werkstatt von Gruszow Baumblatt, in der handwerkliche Tradition auf modernes Instrumentenbau trifft.","robots":{"index":"index","follow":"follow","max-snippet":"max-snippet:-1","max-image-preview":"max-image-preview:large","max-video-preview":"max-video-preview:-1"},"canonical":"https:\/\/www.gruszow-baumblatt.com\/de\/werkstatt\/","og_locale":"de_DE","og_type":"article","og_title":"Werkstatt - Mira Gruszow &amp; Gideon Baumblatt","og_description":"Entdecken Sie die Werkstatt von Gruszow Baumblatt, in der handwerkliche Tradition auf modernes Instrumentenbau trifft.","og_url":"https:\/\/www.gruszow-baumblatt.com\/de\/werkstatt\/","og_site_name":"Mira Gruszow &amp; Gideon Baumblatt","article_modified_time":"2025-06-25T17:12:40+00:00","og_image":[{"width":2200,"height":1073,"url":"https:\/\/www.gruszow-baumblatt.com\/wp-content\/uploads\/2015\/01\/werkstatt.jpg","type":"image\/jpeg"}],"twitter_card":"summary_large_image","twitter_misc":{"Est. reading time":"3 minutes"},"schema":{"@context":"https:\/\/schema.org","@graph":[{"@type":"WebPage","@id":"https:\/\/www.gruszow-baumblatt.com\/de\/werkstatt\/","url":"https:\/\/www.gruszow-baumblatt.com\/de\/werkstatt\/","name":"Werkstatt - Mira Gruszow &amp; Gideon Baumblatt","isPartOf":{"@id":"https:\/\/www.gruszow-baumblatt.com\/de\/#website"},"primaryImageOfPage":{"@id":"https:\/\/www.gruszow-baumblatt.com\/de\/werkstatt\/#primaryimage"},"image":{"@id":"https:\/\/www.gruszow-baumblatt.com\/de\/werkstatt\/#primaryimage"},"thumbnailUrl":"https:\/\/www.gruszow-baumblatt.com\/wp-content\/uploads\/2015\/01\/werkstatt.jpg","datePublished":"2014-11-24T16:30:57+00:00","dateModified":"2025-06-25T17:12:40+00:00","description":"Entdecken Sie die Werkstatt von Gruszow Baumblatt, in der handwerkliche Tradition auf modernes Instrumentenbau trifft.","breadcrumb":{"@id":"https:\/\/www.gruszow-baumblatt.com\/de\/werkstatt\/#breadcrumb"},"inLanguage":"de-DE","potentialAction":[{"@type":"ReadAction","target":["https:\/\/www.gruszow-baumblatt.com\/de\/werkstatt\/"]}]},{"@type":"ImageObject","inLanguage":"de-DE","@id":"https:\/\/www.gruszow-baumblatt.com\/de\/werkstatt\/#primaryimage","url":"https:\/\/www.gruszow-baumblatt.com\/wp-content\/uploads\/2015\/01\/werkstatt.jpg","contentUrl":"https:\/\/www.gruszow-baumblatt.com\/wp-content\/uploads\/2015\/01\/werkstatt.jpg","width":2200,"height":1073},{"@type":"BreadcrumbList","@id":"https:\/\/www.gruszow-baumblatt.com\/de\/werkstatt\/#breadcrumb","itemListElement":[{"@type":"ListItem","position":1,"name":"Home","item":"https:\/\/www.gruszow-baumblatt.com\/de\/"},{"@type":"ListItem","position":2,"name":"Werkstatt"}]},{"@type":"WebSite","@id":"https:\/\/www.gruszow-baumblatt.com\/de\/#website","url":"https:\/\/www.gruszow-baumblatt.com\/de\/","name":"Mira Gruszow &amp; Gideon Baumblatt","description":"","potentialAction":[{"@type":"SearchAction","target":{"@type":"EntryPoint","urlTemplate":"https:\/\/www.gruszow-baumblatt.com\/de\/?s={search_term_string}"},"query-input":{"@type":"PropertyValueSpecification","valueRequired":true,"valueName":"search_term_string"}}],"inLanguage":"de-DE"}]}},"_links":{"self":[{"href":"https:\/\/www.gruszow-baumblatt.com\/de\/wp-json\/wp\/v2\/pages\/1357","targetHints":{"allow":["GET"]}}],"collection":[{"href":"https:\/\/www.gruszow-baumblatt.com\/de\/wp-json\/wp\/v2\/pages"}],"about":[{"href":"https:\/\/www.gruszow-baumblatt.com\/de\/wp-json\/wp\/v2\/types\/page"}],"author":[{"embeddable":true,"href":"https:\/\/www.gruszow-baumblatt.com\/de\/wp-json\/wp\/v2\/users\/1"}],"replies":[{"embeddable":true,"href":"https:\/\/www.gruszow-baumblatt.com\/de\/wp-json\/wp\/v2\/comments?post=1357"}],"version-history":[{"count":3,"href":"https:\/\/www.gruszow-baumblatt.com\/de\/wp-json\/wp\/v2\/pages\/1357\/revisions"}],"predecessor-version":[{"id":1607,"href":"https:\/\/www.gruszow-baumblatt.com\/de\/wp-json\/wp\/v2\/pages\/1357\/revisions\/1607"}],"wp:featuredmedia":[{"embeddable":true,"href":"https:\/\/www.gruszow-baumblatt.com\/de\/wp-json\/wp\/v2\/media\/1082"}],"wp:attachment":[{"href":"https:\/\/www.gruszow-baumblatt.com\/de\/wp-json\/wp\/v2\/media?parent=1357"}],"curies":[{"name":"wp","href":"https:\/\/api.w.org\/{rel}","templated":true}]}}