{"id":1326,"date":"2019-01-16T11:18:55","date_gmt":"2019-01-16T10:18:55","guid":{"rendered":"https:\/\/staging.olivierguillard.dev\/gruszow-baumblatt\/awards\/"},"modified":"2025-06-27T10:36:21","modified_gmt":"2025-06-27T08:36:21","slug":"recompenses","status":"publish","type":"page","link":"https:\/\/www.gruszow-baumblatt.com\/fr\/recompenses\/","title":{"rendered":"R\u00e9compenses"},"content":{"rendered":"<div class=\"one-col\"><div class=\"container\"><p><div class=\"quote\"><p>Mira et Gideon sont r\u00e9guli\u00e8rement invit\u00e9s \u00e0 des expositions et workshops en Europe et en Am\u00e9rique du Nord. La qualit\u00e9 de leur travail a \u00e9t\u00e9 r\u00e9compens\u00e9e \u00e0 l&rsquo;international par de nombreux prix.<\/p><\/div><\/p>\n<p><strong> Concours internationnal de la Violin Society of America<\/strong><\/p>\n<p><strong>2022<\/strong><\/p>\n<p>Violon, Certificat de m\u00e9rite pour la qualit\u00e9 de la facture<\/p>\n<p>Alto, Certificat de m\u00e9rite pour la sonorit\u00e9 &#038; Certificat de m\u00e9rite pour la qualit\u00e9 de la facture<\/p>\n<p>Violoncelle, Certificat de m\u00e9rite pour la qualit\u00e9 de la facture<\/p>\n<p>Quatuor, M\u00e9daille d&rsquo;or pour la qualit\u00e9 de la facture &#038; Certificat de m\u00e9rite pour la sonorit\u00e9<\/p>\n<p><strong>2018<\/strong><\/p>\n<p>Violon, Double m\u00e9daille d&rsquo;or pour la sonorit\u00e9 et la qualit\u00e9 de la facture<\/p>\n<p>Violoncelle, M\u00e9daille d&rsquo;argent pour la sonorit\u00e9<\/p>\n<p>Quatuor,  M\u00e9daille d&rsquo;argent pour la sonorit\u00e9<\/p>\n<p><strong>2016<\/strong><\/p>\n<p>Violoncelle, M\u00e9daille d&rsquo;argent pour la sonorit\u00e9<\/p>\n<p>Quatuor, Certificat de m\u00e9rite pour la qualit\u00e9 de la facture<\/p>\n<p><strong> Concours internationnal de lutherie de la Philharmonie de Paris 2022, violoncelle<\/strong><\/p>\n<p> Premier Prix <\/p>\n<p>\u201cCoup de Coeur\u201d du jury de violoncellistes &#8211; Chu Yi-Bing, Astrig Siranossian et Tatjana Uhde <\/p>\n<p><strong>\u201cVioloncellEnSeine 2016\u201d  Concours internationnal de lutherie de Paris<\/p>\n<p><\/strong><\/p>\n<p>Prix Sp\u00e9cial attribu\u00e9 \u00e0 l&rsquo;unanimit\u00e9 par tous les membres du jury \u2013 Guy Coquoz, Simone Morassi, Isabelle Wilbaux, Eric Levionnois, Damian Martinez, Rapha\u00ebl Perraud, Marius Urba, Yvan Chiffoleau, Philippe Muller and Rapha\u00ebl Pidoux<\/p>\n<p>\u201cCoup de Coeur\u201d de Simeone Morassi &#038; Prix du Public<\/p>\n<\/div><\/div>","protected":false},"excerpt":{"rendered":"","protected":false},"author":2,"featured_media":1119,"parent":0,"menu_order":0,"comment_status":"closed","ping_status":"closed","template":"template-awards.php","meta":{"footnotes":""},"class_list":["post-1326","page","type-page","status-publish","has-post-thumbnail","hentry"],"yoast_head":"<!-- This site is optimized with the Yoast SEO plugin v27.4 - https:\/\/yoast.com\/product\/yoast-seo-wordpress\/ -->\n<title>R\u00e9compenses - Mira Gruszow &amp; Gideon Baumblatt<\/title>\n<meta name=\"description\" content=\"Retrouvez les distinctions et prix re\u00e7us par Gruszow Baumblatt pour la qualit\u00e9 de son travail en lutherie.\" \/>\n<meta name=\"robots\" content=\"index, follow, max-snippet:-1, max-image-preview:large, max-video-preview:-1\" \/>\n<link rel=\"canonical\" href=\"https:\/\/www.gruszow-baumblatt.com\/fr\/recompenses\/\" \/>\n<meta property=\"og:locale\" content=\"fr_FR\" \/>\n<meta property=\"og:type\" content=\"article\" \/>\n<meta property=\"og:title\" content=\"R\u00e9compenses - Mira Gruszow &amp; Gideon Baumblatt\" \/>\n<meta property=\"og:description\" content=\"Retrouvez les distinctions et prix re\u00e7us par Gruszow Baumblatt pour la qualit\u00e9 de son travail en lutherie.\" \/>\n<meta property=\"og:url\" content=\"https:\/\/www.gruszow-baumblatt.com\/fr\/recompenses\/\" \/>\n<meta property=\"og:site_name\" content=\"Mira Gruszow &amp; Gideon Baumblatt\" \/>\n<meta property=\"article:modified_time\" content=\"2025-06-27T08:36:21+00:00\" \/>\n<meta property=\"og:image\" content=\"https:\/\/www.gruszow-baumblatt.com\/wp-content\/uploads\/2018\/11\/DSC05881-3-e1548106602591.jpg\" \/>\n\t<meta property=\"og:image:width\" content=\"2200\" \/>\n\t<meta property=\"og:image:height\" content=\"907\" \/>\n\t<meta property=\"og:image:type\" content=\"image\/jpeg\" \/>\n<meta name=\"twitter:card\" content=\"summary_large_image\" \/>\n<meta name=\"twitter:label1\" content=\"Dur\u00e9e de lecture estim\u00e9e\" \/>\n\t<meta name=\"twitter:data1\" content=\"2 minutes\" \/>\n<script type=\"application\/ld+json\" class=\"yoast-schema-graph\">{\"@context\":\"https:\\\/\\\/schema.org\",\"@graph\":[{\"@type\":\"WebPage\",\"@id\":\"https:\\\/\\\/www.gruszow-baumblatt.com\\\/fr\\\/recompenses\\\/\",\"url\":\"https:\\\/\\\/www.gruszow-baumblatt.com\\\/fr\\\/recompenses\\\/\",\"name\":\"R\u00e9compenses - Mira Gruszow &amp; Gideon Baumblatt\",\"isPartOf\":{\"@id\":\"https:\\\/\\\/www.gruszow-baumblatt.com\\\/fr\\\/#website\"},\"primaryImageOfPage\":{\"@id\":\"https:\\\/\\\/www.gruszow-baumblatt.com\\\/fr\\\/recompenses\\\/#primaryimage\"},\"image\":{\"@id\":\"https:\\\/\\\/www.gruszow-baumblatt.com\\\/fr\\\/recompenses\\\/#primaryimage\"},\"thumbnailUrl\":\"https:\\\/\\\/www.gruszow-baumblatt.com\\\/wp-content\\\/uploads\\\/2018\\\/11\\\/DSC05881-3-e1548106602591.jpg\",\"datePublished\":\"2019-01-16T10:18:55+00:00\",\"dateModified\":\"2025-06-27T08:36:21+00:00\",\"description\":\"Retrouvez les distinctions et prix re\u00e7us par Gruszow Baumblatt pour la qualit\u00e9 de son travail en lutherie.\",\"breadcrumb\":{\"@id\":\"https:\\\/\\\/www.gruszow-baumblatt.com\\\/fr\\\/recompenses\\\/#breadcrumb\"},\"inLanguage\":\"fr-FR\",\"potentialAction\":[{\"@type\":\"ReadAction\",\"target\":[\"https:\\\/\\\/www.gruszow-baumblatt.com\\\/fr\\\/recompenses\\\/\"]}]},{\"@type\":\"ImageObject\",\"inLanguage\":\"fr-FR\",\"@id\":\"https:\\\/\\\/www.gruszow-baumblatt.com\\\/fr\\\/recompenses\\\/#primaryimage\",\"url\":\"https:\\\/\\\/www.gruszow-baumblatt.com\\\/wp-content\\\/uploads\\\/2018\\\/11\\\/DSC05881-3-e1548106602591.jpg\",\"contentUrl\":\"https:\\\/\\\/www.gruszow-baumblatt.com\\\/wp-content\\\/uploads\\\/2018\\\/11\\\/DSC05881-3-e1548106602591.jpg\",\"width\":2200,\"height\":907},{\"@type\":\"BreadcrumbList\",\"@id\":\"https:\\\/\\\/www.gruszow-baumblatt.com\\\/fr\\\/recompenses\\\/#breadcrumb\",\"itemListElement\":[{\"@type\":\"ListItem\",\"position\":1,\"name\":\"Home\",\"item\":\"https:\\\/\\\/www.gruszow-baumblatt.com\\\/fr\\\/\"},{\"@type\":\"ListItem\",\"position\":2,\"name\":\"R\u00e9compenses\"}]},{\"@type\":\"WebSite\",\"@id\":\"https:\\\/\\\/www.gruszow-baumblatt.com\\\/fr\\\/#website\",\"url\":\"https:\\\/\\\/www.gruszow-baumblatt.com\\\/fr\\\/\",\"name\":\"Mira Gruszow &amp; Gideon Baumblatt\",\"description\":\"\",\"potentialAction\":[{\"@type\":\"SearchAction\",\"target\":{\"@type\":\"EntryPoint\",\"urlTemplate\":\"https:\\\/\\\/www.gruszow-baumblatt.com\\\/fr\\\/?s={search_term_string}\"},\"query-input\":{\"@type\":\"PropertyValueSpecification\",\"valueRequired\":true,\"valueName\":\"search_term_string\"}}],\"inLanguage\":\"fr-FR\"}]}<\/script>\n<!-- \/ Yoast SEO plugin. -->","yoast_head_json":{"title":"R\u00e9compenses - Mira Gruszow &amp; Gideon Baumblatt","description":"Retrouvez les distinctions et prix re\u00e7us par Gruszow Baumblatt pour la qualit\u00e9 de son travail en lutherie.","robots":{"index":"index","follow":"follow","max-snippet":"max-snippet:-1","max-image-preview":"max-image-preview:large","max-video-preview":"max-video-preview:-1"},"canonical":"https:\/\/www.gruszow-baumblatt.com\/fr\/recompenses\/","og_locale":"fr_FR","og_type":"article","og_title":"R\u00e9compenses - Mira Gruszow &amp; Gideon Baumblatt","og_description":"Retrouvez les distinctions et prix re\u00e7us par Gruszow Baumblatt pour la qualit\u00e9 de son travail en lutherie.","og_url":"https:\/\/www.gruszow-baumblatt.com\/fr\/recompenses\/","og_site_name":"Mira Gruszow &amp; Gideon Baumblatt","article_modified_time":"2025-06-27T08:36:21+00:00","og_image":[{"width":2200,"height":907,"url":"https:\/\/www.gruszow-baumblatt.com\/wp-content\/uploads\/2018\/11\/DSC05881-3-e1548106602591.jpg","type":"image\/jpeg"}],"twitter_card":"summary_large_image","twitter_misc":{"Dur\u00e9e de lecture estim\u00e9e":"2 minutes"},"schema":{"@context":"https:\/\/schema.org","@graph":[{"@type":"WebPage","@id":"https:\/\/www.gruszow-baumblatt.com\/fr\/recompenses\/","url":"https:\/\/www.gruszow-baumblatt.com\/fr\/recompenses\/","name":"R\u00e9compenses - Mira Gruszow &amp; Gideon Baumblatt","isPartOf":{"@id":"https:\/\/www.gruszow-baumblatt.com\/fr\/#website"},"primaryImageOfPage":{"@id":"https:\/\/www.gruszow-baumblatt.com\/fr\/recompenses\/#primaryimage"},"image":{"@id":"https:\/\/www.gruszow-baumblatt.com\/fr\/recompenses\/#primaryimage"},"thumbnailUrl":"https:\/\/www.gruszow-baumblatt.com\/wp-content\/uploads\/2018\/11\/DSC05881-3-e1548106602591.jpg","datePublished":"2019-01-16T10:18:55+00:00","dateModified":"2025-06-27T08:36:21+00:00","description":"Retrouvez les distinctions et prix re\u00e7us par Gruszow Baumblatt pour la qualit\u00e9 de son travail en lutherie.","breadcrumb":{"@id":"https:\/\/www.gruszow-baumblatt.com\/fr\/recompenses\/#breadcrumb"},"inLanguage":"fr-FR","potentialAction":[{"@type":"ReadAction","target":["https:\/\/www.gruszow-baumblatt.com\/fr\/recompenses\/"]}]},{"@type":"ImageObject","inLanguage":"fr-FR","@id":"https:\/\/www.gruszow-baumblatt.com\/fr\/recompenses\/#primaryimage","url":"https:\/\/www.gruszow-baumblatt.com\/wp-content\/uploads\/2018\/11\/DSC05881-3-e1548106602591.jpg","contentUrl":"https:\/\/www.gruszow-baumblatt.com\/wp-content\/uploads\/2018\/11\/DSC05881-3-e1548106602591.jpg","width":2200,"height":907},{"@type":"BreadcrumbList","@id":"https:\/\/www.gruszow-baumblatt.com\/fr\/recompenses\/#breadcrumb","itemListElement":[{"@type":"ListItem","position":1,"name":"Home","item":"https:\/\/www.gruszow-baumblatt.com\/fr\/"},{"@type":"ListItem","position":2,"name":"R\u00e9compenses"}]},{"@type":"WebSite","@id":"https:\/\/www.gruszow-baumblatt.com\/fr\/#website","url":"https:\/\/www.gruszow-baumblatt.com\/fr\/","name":"Mira Gruszow &amp; Gideon Baumblatt","description":"","potentialAction":[{"@type":"SearchAction","target":{"@type":"EntryPoint","urlTemplate":"https:\/\/www.gruszow-baumblatt.com\/fr\/?s={search_term_string}"},"query-input":{"@type":"PropertyValueSpecification","valueRequired":true,"valueName":"search_term_string"}}],"inLanguage":"fr-FR"}]}},"_links":{"self":[{"href":"https:\/\/www.gruszow-baumblatt.com\/fr\/wp-json\/wp\/v2\/pages\/1326","targetHints":{"allow":["GET"]}}],"collection":[{"href":"https:\/\/www.gruszow-baumblatt.com\/fr\/wp-json\/wp\/v2\/pages"}],"about":[{"href":"https:\/\/www.gruszow-baumblatt.com\/fr\/wp-json\/wp\/v2\/types\/page"}],"author":[{"embeddable":true,"href":"https:\/\/www.gruszow-baumblatt.com\/fr\/wp-json\/wp\/v2\/users\/2"}],"replies":[{"embeddable":true,"href":"https:\/\/www.gruszow-baumblatt.com\/fr\/wp-json\/wp\/v2\/comments?post=1326"}],"version-history":[{"count":4,"href":"https:\/\/www.gruszow-baumblatt.com\/fr\/wp-json\/wp\/v2\/pages\/1326\/revisions"}],"predecessor-version":[{"id":1593,"href":"https:\/\/www.gruszow-baumblatt.com\/fr\/wp-json\/wp\/v2\/pages\/1326\/revisions\/1593"}],"wp:featuredmedia":[{"embeddable":true,"href":"https:\/\/www.gruszow-baumblatt.com\/fr\/wp-json\/wp\/v2\/media\/1119"}],"wp:attachment":[{"href":"https:\/\/www.gruszow-baumblatt.com\/fr\/wp-json\/wp\/v2\/media?parent=1326"}],"curies":[{"name":"wp","href":"https:\/\/api.w.org\/{rel}","templated":true}]}}