{"id":1336,"date":"2014-11-24T17:30:34","date_gmt":"2014-11-24T16:30:34","guid":{"rendered":"https:\/\/staging.olivierguillard.dev\/gruszow-baumblatt\/instruments\/"},"modified":"2025-06-25T19:11:05","modified_gmt":"2025-06-25T17:11:05","slug":"instruments","status":"publish","type":"page","link":"https:\/\/www.gruszow-baumblatt.com\/fr\/instruments\/","title":{"rendered":"Instruments"},"content":{"rendered":"Nous nous inspirons d&rsquo;instruments qui nous ont particuli\u00e8rement touch\u00e9s par leur sonorit\u00e9 et leur facture exceptionnelles. Nous r\u00e9alisons \u00e9galement, sur demande, des copies d&rsquo;originaux.","protected":false},"excerpt":{"rendered":"<p>Nous nous inspirons d&rsquo;instruments qui nous ont particuli\u00e8rement touch\u00e9s par leur sonorit\u00e9 et leur facture exceptionnelles. Nous r\u00e9alisons \u00e9galement, sur demande, des copies d&rsquo;originaux.<\/p>\n","protected":false},"author":1,"featured_media":881,"parent":0,"menu_order":0,"comment_status":"open","ping_status":"open","template":"template-instruments.php","meta":{"footnotes":""},"class_list":["post-1336","page","type-page","status-publish","has-post-thumbnail","hentry"],"yoast_head":"<!-- This site is optimized with the Yoast SEO plugin v27.4 - https:\/\/yoast.com\/product\/yoast-seo-wordpress\/ -->\n<title>Instruments - Mira Gruszow &amp; Gideon Baumblatt<\/title>\n<meta name=\"description\" content=\"Parcourez la collection d\u2019instruments \u00e0 cordes faits main par Gruszow Baumblatt\u202f: violons, altos, violoncelles.\" \/>\n<meta name=\"robots\" content=\"index, follow, max-snippet:-1, max-image-preview:large, max-video-preview:-1\" \/>\n<link rel=\"canonical\" href=\"https:\/\/www.gruszow-baumblatt.com\/fr\/instruments\/\" \/>\n<meta property=\"og:locale\" content=\"fr_FR\" \/>\n<meta property=\"og:type\" content=\"article\" \/>\n<meta property=\"og:title\" content=\"Instruments - Mira Gruszow &amp; Gideon Baumblatt\" \/>\n<meta property=\"og:description\" content=\"Parcourez la collection d\u2019instruments \u00e0 cordes faits main par Gruszow Baumblatt\u202f: violons, altos, violoncelles.\" \/>\n<meta property=\"og:url\" content=\"https:\/\/www.gruszow-baumblatt.com\/fr\/instruments\/\" \/>\n<meta property=\"og:site_name\" content=\"Mira Gruszow &amp; Gideon Baumblatt\" \/>\n<meta property=\"article:modified_time\" content=\"2025-06-25T17:11:05+00:00\" \/>\n<meta property=\"og:image\" content=\"https:\/\/www.gruszow-baumblatt.com\/wp-content\/uploads\/2014\/11\/COLOR_MiraGideon_MdelPra-28-di-110-e1417212618748.jpg\" \/>\n\t<meta property=\"og:image:width\" content=\"2000\" \/>\n\t<meta property=\"og:image:height\" content=\"965\" \/>\n\t<meta property=\"og:image:type\" content=\"image\/jpeg\" \/>\n<meta name=\"twitter:card\" content=\"summary_large_image\" \/>\n<meta name=\"twitter:label1\" content=\"Dur\u00e9e de lecture estim\u00e9e\" \/>\n\t<meta name=\"twitter:data1\" content=\"1 minute\" \/>\n<script type=\"application\/ld+json\" class=\"yoast-schema-graph\">{\"@context\":\"https:\\\/\\\/schema.org\",\"@graph\":[{\"@type\":\"WebPage\",\"@id\":\"https:\\\/\\\/www.gruszow-baumblatt.com\\\/fr\\\/instruments\\\/\",\"url\":\"https:\\\/\\\/www.gruszow-baumblatt.com\\\/fr\\\/instruments\\\/\",\"name\":\"Instruments - Mira Gruszow &amp; Gideon Baumblatt\",\"isPartOf\":{\"@id\":\"https:\\\/\\\/www.gruszow-baumblatt.com\\\/fr\\\/#website\"},\"primaryImageOfPage\":{\"@id\":\"https:\\\/\\\/www.gruszow-baumblatt.com\\\/fr\\\/instruments\\\/#primaryimage\"},\"image\":{\"@id\":\"https:\\\/\\\/www.gruszow-baumblatt.com\\\/fr\\\/instruments\\\/#primaryimage\"},\"thumbnailUrl\":\"https:\\\/\\\/www.gruszow-baumblatt.com\\\/wp-content\\\/uploads\\\/2014\\\/11\\\/COLOR_MiraGideon_MdelPra-28-di-110-e1417212618748.jpg\",\"datePublished\":\"2014-11-24T16:30:34+00:00\",\"dateModified\":\"2025-06-25T17:11:05+00:00\",\"description\":\"Parcourez la collection d\u2019instruments \u00e0 cordes faits main par Gruszow Baumblatt\u202f: violons, altos, violoncelles.\",\"breadcrumb\":{\"@id\":\"https:\\\/\\\/www.gruszow-baumblatt.com\\\/fr\\\/instruments\\\/#breadcrumb\"},\"inLanguage\":\"fr-FR\",\"potentialAction\":[{\"@type\":\"ReadAction\",\"target\":[\"https:\\\/\\\/www.gruszow-baumblatt.com\\\/fr\\\/instruments\\\/\"]}]},{\"@type\":\"ImageObject\",\"inLanguage\":\"fr-FR\",\"@id\":\"https:\\\/\\\/www.gruszow-baumblatt.com\\\/fr\\\/instruments\\\/#primaryimage\",\"url\":\"https:\\\/\\\/www.gruszow-baumblatt.com\\\/wp-content\\\/uploads\\\/2014\\\/11\\\/COLOR_MiraGideon_MdelPra-28-di-110-e1417212618748.jpg\",\"contentUrl\":\"https:\\\/\\\/www.gruszow-baumblatt.com\\\/wp-content\\\/uploads\\\/2014\\\/11\\\/COLOR_MiraGideon_MdelPra-28-di-110-e1417212618748.jpg\",\"width\":2000,\"height\":965},{\"@type\":\"BreadcrumbList\",\"@id\":\"https:\\\/\\\/www.gruszow-baumblatt.com\\\/fr\\\/instruments\\\/#breadcrumb\",\"itemListElement\":[{\"@type\":\"ListItem\",\"position\":1,\"name\":\"Home\",\"item\":\"https:\\\/\\\/www.gruszow-baumblatt.com\\\/fr\\\/\"},{\"@type\":\"ListItem\",\"position\":2,\"name\":\"Instruments\"}]},{\"@type\":\"WebSite\",\"@id\":\"https:\\\/\\\/www.gruszow-baumblatt.com\\\/fr\\\/#website\",\"url\":\"https:\\\/\\\/www.gruszow-baumblatt.com\\\/fr\\\/\",\"name\":\"Mira Gruszow &amp; Gideon Baumblatt\",\"description\":\"\",\"potentialAction\":[{\"@type\":\"SearchAction\",\"target\":{\"@type\":\"EntryPoint\",\"urlTemplate\":\"https:\\\/\\\/www.gruszow-baumblatt.com\\\/fr\\\/?s={search_term_string}\"},\"query-input\":{\"@type\":\"PropertyValueSpecification\",\"valueRequired\":true,\"valueName\":\"search_term_string\"}}],\"inLanguage\":\"fr-FR\"}]}<\/script>\n<!-- \/ Yoast SEO plugin. -->","yoast_head_json":{"title":"Instruments - Mira Gruszow &amp; Gideon Baumblatt","description":"Parcourez la collection d\u2019instruments \u00e0 cordes faits main par Gruszow Baumblatt\u202f: violons, altos, violoncelles.","robots":{"index":"index","follow":"follow","max-snippet":"max-snippet:-1","max-image-preview":"max-image-preview:large","max-video-preview":"max-video-preview:-1"},"canonical":"https:\/\/www.gruszow-baumblatt.com\/fr\/instruments\/","og_locale":"fr_FR","og_type":"article","og_title":"Instruments - Mira Gruszow &amp; Gideon Baumblatt","og_description":"Parcourez la collection d\u2019instruments \u00e0 cordes faits main par Gruszow Baumblatt\u202f: violons, altos, violoncelles.","og_url":"https:\/\/www.gruszow-baumblatt.com\/fr\/instruments\/","og_site_name":"Mira Gruszow &amp; Gideon Baumblatt","article_modified_time":"2025-06-25T17:11:05+00:00","og_image":[{"width":2000,"height":965,"url":"https:\/\/www.gruszow-baumblatt.com\/wp-content\/uploads\/2014\/11\/COLOR_MiraGideon_MdelPra-28-di-110-e1417212618748.jpg","type":"image\/jpeg"}],"twitter_card":"summary_large_image","twitter_misc":{"Dur\u00e9e de lecture estim\u00e9e":"1 minute"},"schema":{"@context":"https:\/\/schema.org","@graph":[{"@type":"WebPage","@id":"https:\/\/www.gruszow-baumblatt.com\/fr\/instruments\/","url":"https:\/\/www.gruszow-baumblatt.com\/fr\/instruments\/","name":"Instruments - Mira Gruszow &amp; Gideon Baumblatt","isPartOf":{"@id":"https:\/\/www.gruszow-baumblatt.com\/fr\/#website"},"primaryImageOfPage":{"@id":"https:\/\/www.gruszow-baumblatt.com\/fr\/instruments\/#primaryimage"},"image":{"@id":"https:\/\/www.gruszow-baumblatt.com\/fr\/instruments\/#primaryimage"},"thumbnailUrl":"https:\/\/www.gruszow-baumblatt.com\/wp-content\/uploads\/2014\/11\/COLOR_MiraGideon_MdelPra-28-di-110-e1417212618748.jpg","datePublished":"2014-11-24T16:30:34+00:00","dateModified":"2025-06-25T17:11:05+00:00","description":"Parcourez la collection d\u2019instruments \u00e0 cordes faits main par Gruszow Baumblatt\u202f: violons, altos, violoncelles.","breadcrumb":{"@id":"https:\/\/www.gruszow-baumblatt.com\/fr\/instruments\/#breadcrumb"},"inLanguage":"fr-FR","potentialAction":[{"@type":"ReadAction","target":["https:\/\/www.gruszow-baumblatt.com\/fr\/instruments\/"]}]},{"@type":"ImageObject","inLanguage":"fr-FR","@id":"https:\/\/www.gruszow-baumblatt.com\/fr\/instruments\/#primaryimage","url":"https:\/\/www.gruszow-baumblatt.com\/wp-content\/uploads\/2014\/11\/COLOR_MiraGideon_MdelPra-28-di-110-e1417212618748.jpg","contentUrl":"https:\/\/www.gruszow-baumblatt.com\/wp-content\/uploads\/2014\/11\/COLOR_MiraGideon_MdelPra-28-di-110-e1417212618748.jpg","width":2000,"height":965},{"@type":"BreadcrumbList","@id":"https:\/\/www.gruszow-baumblatt.com\/fr\/instruments\/#breadcrumb","itemListElement":[{"@type":"ListItem","position":1,"name":"Home","item":"https:\/\/www.gruszow-baumblatt.com\/fr\/"},{"@type":"ListItem","position":2,"name":"Instruments"}]},{"@type":"WebSite","@id":"https:\/\/www.gruszow-baumblatt.com\/fr\/#website","url":"https:\/\/www.gruszow-baumblatt.com\/fr\/","name":"Mira Gruszow &amp; Gideon Baumblatt","description":"","potentialAction":[{"@type":"SearchAction","target":{"@type":"EntryPoint","urlTemplate":"https:\/\/www.gruszow-baumblatt.com\/fr\/?s={search_term_string}"},"query-input":{"@type":"PropertyValueSpecification","valueRequired":true,"valueName":"search_term_string"}}],"inLanguage":"fr-FR"}]}},"_links":{"self":[{"href":"https:\/\/www.gruszow-baumblatt.com\/fr\/wp-json\/wp\/v2\/pages\/1336","targetHints":{"allow":["GET"]}}],"collection":[{"href":"https:\/\/www.gruszow-baumblatt.com\/fr\/wp-json\/wp\/v2\/pages"}],"about":[{"href":"https:\/\/www.gruszow-baumblatt.com\/fr\/wp-json\/wp\/v2\/types\/page"}],"author":[{"embeddable":true,"href":"https:\/\/www.gruszow-baumblatt.com\/fr\/wp-json\/wp\/v2\/users\/1"}],"replies":[{"embeddable":true,"href":"https:\/\/www.gruszow-baumblatt.com\/fr\/wp-json\/wp\/v2\/comments?post=1336"}],"version-history":[{"count":2,"href":"https:\/\/www.gruszow-baumblatt.com\/fr\/wp-json\/wp\/v2\/pages\/1336\/revisions"}],"predecessor-version":[{"id":1376,"href":"https:\/\/www.gruszow-baumblatt.com\/fr\/wp-json\/wp\/v2\/pages\/1336\/revisions\/1376"}],"wp:featuredmedia":[{"embeddable":true,"href":"https:\/\/www.gruszow-baumblatt.com\/fr\/wp-json\/wp\/v2\/media\/881"}],"wp:attachment":[{"href":"https:\/\/www.gruszow-baumblatt.com\/fr\/wp-json\/wp\/v2\/media?parent=1336"}],"curies":[{"name":"wp","href":"https:\/\/api.w.org\/{rel}","templated":true}]}}